{"id":4533,"date":"2022-11-28T17:20:34","date_gmt":"2022-11-28T17:20:34","guid":{"rendered":"https:\/\/ladental.com.ar\/?post_type=product&#038;p=4533"},"modified":"2022-11-28T18:53:56","modified_gmt":"2022-11-28T18:53:56","slug":"impresora-photon-ultra-anycubic","status":"publish","type":"product","link":"http:\/\/ladental.com.ar\/en\/product\/impresora-photon-ultra-anycubic\/","title":{"rendered":"IMPRESORA 3d PHOTON ULTRA &#8220;Anycubic&#8221;"},"content":{"rendered":"","protected":false},"excerpt":{"rendered":"<p><strong>Precisi\u00f3n Realista:<\/strong> impresiones con p\u00edxeles perfectos hasta el micr\u00f3n, para una precisi\u00f3n realista hasta en las piezas m\u00e1s peque\u00f1as.<\/p>\n<p><strong>Mayor Durabilidad:<\/strong> Las pantallas LCD son un consumible que hay que sustituir cada 3 o 5 meses. <strong>Anycubic Photon Ultra no tiene pantalla LCD<\/strong> y el proyector interno no requiere mantenimiento hasta las 20.000 horas de uso.<\/p>\n<p><strong>Impresi\u00f3n Silenciosa:<\/strong> Un menor consumo de energ\u00eda equivale a menos calor, lo que significa que la Anycubic Photon Ultra <strong>no necesita ning\u00fan ventilador de refrigeraci\u00f3n<\/strong>, por lo que es realmente silenciosa.<\/p>\n<p>&#x26a0;&#xfe0f;<strong> Importante: pod\u00e9s consultar el stock y el valor por medio del bot\u00f3n de WhatsApp.<\/strong><\/p>","protected":false},"featured_media":4523,"template":"","meta":[],"product_brand":[],"product_cat":[184],"product_tag":[186,185,151,187],"class_list":{"0":"post-4533","1":"product","2":"type-product","3":"status-publish","4":"has-post-thumbnail","6":"product_cat-anycubic","7":"product_tag-3d","8":"product_tag-impresora","9":"product_tag-impresora-3d","10":"product_tag-resina","12":"first","13":"instock","14":"shipping-taxable","15":"purchasable","16":"product-type-simple"},"yoast_head":"<!-- This site is optimized with the Yoast SEO plugin v27.5 - https:\/\/yoast.com\/product\/yoast-seo-wordpress\/ -->\n<title>IMPRESORA 3d PHOTON ULTRA &quot;Anycubic&quot; - LA DENTAL<\/title>\n<meta name=\"description\" content=\"Impresiones con p\u00edxeles perfectos hasta el micr\u00f3n, para una precisi\u00f3n realista hasta en las piezas m\u00e1s peque\u00f1as. Impresora Photon Ultra Anycubic\" \/>\n<meta name=\"robots\" content=\"index, follow, max-snippet:-1, max-image-preview:large, max-video-preview:-1\" \/>\n<link rel=\"canonical\" href=\"https:\/\/ladental.com.ar\/en\/product\/impresora-photon-ultra-anycubic\/\" \/>\n<meta property=\"og:locale\" content=\"en_GB\" \/>\n<meta property=\"og:type\" content=\"article\" \/>\n<meta property=\"og:title\" content=\"IMPRESORA 3d PHOTON ULTRA &quot;Anycubic&quot; - LA DENTAL\" \/>\n<meta property=\"og:description\" content=\"Impresiones con p\u00edxeles perfectos hasta el micr\u00f3n, para una precisi\u00f3n realista hasta en las piezas m\u00e1s peque\u00f1as. Impresora Photon Ultra Anycubic\" \/>\n<meta property=\"og:url\" content=\"https:\/\/ladental.com.ar\/en\/product\/impresora-photon-ultra-anycubic\/\" \/>\n<meta property=\"og:site_name\" content=\"LA DENTAL\" \/>\n<meta property=\"article:modified_time\" content=\"2022-11-28T18:53:56+00:00\" \/>\n<meta property=\"og:image\" content=\"https:\/\/ladental.com.ar\/wp-content\/uploads\/2022\/09\/p-ultra.jpg\" \/>\n\t<meta property=\"og:image:width\" content=\"600\" \/>\n\t<meta property=\"og:image:height\" content=\"600\" \/>\n\t<meta property=\"og:image:type\" content=\"image\/jpeg\" \/>\n<meta name=\"twitter:card\" content=\"summary_large_image\" \/>\n<script type=\"application\/ld+json\" class=\"yoast-schema-graph\">{\"@context\":\"https:\\\/\\\/schema.org\",\"@graph\":[{\"@type\":\"WebPage\",\"@id\":\"https:\\\/\\\/ladental.com.ar\\\/en\\\/product\\\/impresora-photon-ultra-anycubic\\\/\",\"url\":\"https:\\\/\\\/ladental.com.ar\\\/en\\\/product\\\/impresora-photon-ultra-anycubic\\\/\",\"name\":\"IMPRESORA 3d PHOTON ULTRA \\\"Anycubic\\\" - LA DENTAL\",\"isPartOf\":{\"@id\":\"http:\\\/\\\/ladental.com.ar\\\/#website\"},\"primaryImageOfPage\":{\"@id\":\"https:\\\/\\\/ladental.com.ar\\\/en\\\/product\\\/impresora-photon-ultra-anycubic\\\/#primaryimage\"},\"image\":{\"@id\":\"https:\\\/\\\/ladental.com.ar\\\/en\\\/product\\\/impresora-photon-ultra-anycubic\\\/#primaryimage\"},\"thumbnailUrl\":\"http:\\\/\\\/ladental.com.ar\\\/wp-content\\\/uploads\\\/2022\\\/09\\\/p-ultra.jpg\",\"datePublished\":\"2022-11-28T17:20:34+00:00\",\"dateModified\":\"2022-11-28T18:53:56+00:00\",\"description\":\"Impresiones con p\u00edxeles perfectos hasta el micr\u00f3n, para una precisi\u00f3n realista hasta en las piezas m\u00e1s peque\u00f1as. Impresora Photon Ultra Anycubic\",\"breadcrumb\":{\"@id\":\"https:\\\/\\\/ladental.com.ar\\\/en\\\/product\\\/impresora-photon-ultra-anycubic\\\/#breadcrumb\"},\"inLanguage\":\"en-GB\",\"potentialAction\":[{\"@type\":\"ReadAction\",\"target\":[\"https:\\\/\\\/ladental.com.ar\\\/en\\\/product\\\/impresora-photon-ultra-anycubic\\\/\"]}]},{\"@type\":\"ImageObject\",\"inLanguage\":\"en-GB\",\"@id\":\"https:\\\/\\\/ladental.com.ar\\\/en\\\/product\\\/impresora-photon-ultra-anycubic\\\/#primaryimage\",\"url\":\"http:\\\/\\\/ladental.com.ar\\\/wp-content\\\/uploads\\\/2022\\\/09\\\/p-ultra.jpg\",\"contentUrl\":\"http:\\\/\\\/ladental.com.ar\\\/wp-content\\\/uploads\\\/2022\\\/09\\\/p-ultra.jpg\",\"width\":600,\"height\":600,\"caption\":\"la dental srl\"},{\"@type\":\"BreadcrumbList\",\"@id\":\"https:\\\/\\\/ladental.com.ar\\\/en\\\/product\\\/impresora-photon-ultra-anycubic\\\/#breadcrumb\",\"itemListElement\":[{\"@type\":\"ListItem\",\"position\":1,\"name\":\"Portada\",\"item\":\"http:\\\/\\\/ladental.com.ar\\\/\"},{\"@type\":\"ListItem\",\"position\":2,\"name\":\"Productos\",\"item\":\"https:\\\/\\\/ladental.com.ar\\\/shop\\\/\"},{\"@type\":\"ListItem\",\"position\":3,\"name\":\"IMPRESORA 3d PHOTON ULTRA &#8220;Anycubic&#8221;\"}]},{\"@type\":\"WebSite\",\"@id\":\"http:\\\/\\\/ladental.com.ar\\\/#website\",\"url\":\"http:\\\/\\\/ladental.com.ar\\\/\",\"name\":\"LA DENTAL\",\"description\":\"TECNOLOG\u00cdA EN INSUMOS ODONTOL\u00d3GICOS\",\"publisher\":{\"@id\":\"http:\\\/\\\/ladental.com.ar\\\/#organization\"},\"potentialAction\":[{\"@type\":\"SearchAction\",\"target\":{\"@type\":\"EntryPoint\",\"urlTemplate\":\"http:\\\/\\\/ladental.com.ar\\\/?s={search_term_string}\"},\"query-input\":{\"@type\":\"PropertyValueSpecification\",\"valueRequired\":true,\"valueName\":\"search_term_string\"}}],\"inLanguage\":\"en-GB\"},{\"@type\":\"Organization\",\"@id\":\"http:\\\/\\\/ladental.com.ar\\\/#organization\",\"name\":\"LA DENTAL SRL\",\"url\":\"http:\\\/\\\/ladental.com.ar\\\/\",\"logo\":{\"@type\":\"ImageObject\",\"inLanguage\":\"en-GB\",\"@id\":\"http:\\\/\\\/ladental.com.ar\\\/#\\\/schema\\\/logo\\\/image\\\/\",\"url\":\"https:\\\/\\\/ladental.com.ar\\\/wp-content\\\/uploads\\\/2021\\\/10\\\/logocolor.png\",\"contentUrl\":\"https:\\\/\\\/ladental.com.ar\\\/wp-content\\\/uploads\\\/2021\\\/10\\\/logocolor.png\",\"width\":1276,\"height\":829,\"caption\":\"LA DENTAL SRL\"},\"image\":{\"@id\":\"http:\\\/\\\/ladental.com.ar\\\/#\\\/schema\\\/logo\\\/image\\\/\"}}]}<\/script>\n<!-- \/ Yoast SEO plugin. -->","yoast_head_json":{"title":"IMPRESORA 3d PHOTON ULTRA \"Anycubic\" - LA DENTAL","description":"Impresiones con p\u00edxeles perfectos hasta el micr\u00f3n, para una precisi\u00f3n realista hasta en las piezas m\u00e1s peque\u00f1as. Impresora Photon Ultra Anycubic","robots":{"index":"index","follow":"follow","max-snippet":"max-snippet:-1","max-image-preview":"max-image-preview:large","max-video-preview":"max-video-preview:-1"},"canonical":"https:\/\/ladental.com.ar\/en\/product\/impresora-photon-ultra-anycubic\/","og_locale":"en_GB","og_type":"article","og_title":"IMPRESORA 3d PHOTON ULTRA \"Anycubic\" - LA DENTAL","og_description":"Impresiones con p\u00edxeles perfectos hasta el micr\u00f3n, para una precisi\u00f3n realista hasta en las piezas m\u00e1s peque\u00f1as. Impresora Photon Ultra Anycubic","og_url":"https:\/\/ladental.com.ar\/en\/product\/impresora-photon-ultra-anycubic\/","og_site_name":"LA DENTAL","article_modified_time":"2022-11-28T18:53:56+00:00","og_image":[{"width":600,"height":600,"url":"https:\/\/ladental.com.ar\/wp-content\/uploads\/2022\/09\/p-ultra.jpg","type":"image\/jpeg"}],"twitter_card":"summary_large_image","schema":{"@context":"https:\/\/schema.org","@graph":[{"@type":"WebPage","@id":"https:\/\/ladental.com.ar\/en\/product\/impresora-photon-ultra-anycubic\/","url":"https:\/\/ladental.com.ar\/en\/product\/impresora-photon-ultra-anycubic\/","name":"IMPRESORA 3d PHOTON ULTRA \"Anycubic\" - LA DENTAL","isPartOf":{"@id":"http:\/\/ladental.com.ar\/#website"},"primaryImageOfPage":{"@id":"https:\/\/ladental.com.ar\/en\/product\/impresora-photon-ultra-anycubic\/#primaryimage"},"image":{"@id":"https:\/\/ladental.com.ar\/en\/product\/impresora-photon-ultra-anycubic\/#primaryimage"},"thumbnailUrl":"http:\/\/ladental.com.ar\/wp-content\/uploads\/2022\/09\/p-ultra.jpg","datePublished":"2022-11-28T17:20:34+00:00","dateModified":"2022-11-28T18:53:56+00:00","description":"Impresiones con p\u00edxeles perfectos hasta el micr\u00f3n, para una precisi\u00f3n realista hasta en las piezas m\u00e1s peque\u00f1as. Impresora Photon Ultra Anycubic","breadcrumb":{"@id":"https:\/\/ladental.com.ar\/en\/product\/impresora-photon-ultra-anycubic\/#breadcrumb"},"inLanguage":"en-GB","potentialAction":[{"@type":"ReadAction","target":["https:\/\/ladental.com.ar\/en\/product\/impresora-photon-ultra-anycubic\/"]}]},{"@type":"ImageObject","inLanguage":"en-GB","@id":"https:\/\/ladental.com.ar\/en\/product\/impresora-photon-ultra-anycubic\/#primaryimage","url":"http:\/\/ladental.com.ar\/wp-content\/uploads\/2022\/09\/p-ultra.jpg","contentUrl":"http:\/\/ladental.com.ar\/wp-content\/uploads\/2022\/09\/p-ultra.jpg","width":600,"height":600,"caption":"la dental srl"},{"@type":"BreadcrumbList","@id":"https:\/\/ladental.com.ar\/en\/product\/impresora-photon-ultra-anycubic\/#breadcrumb","itemListElement":[{"@type":"ListItem","position":1,"name":"Portada","item":"http:\/\/ladental.com.ar\/"},{"@type":"ListItem","position":2,"name":"Productos","item":"https:\/\/ladental.com.ar\/shop\/"},{"@type":"ListItem","position":3,"name":"IMPRESORA 3d PHOTON ULTRA &#8220;Anycubic&#8221;"}]},{"@type":"WebSite","@id":"http:\/\/ladental.com.ar\/#website","url":"http:\/\/ladental.com.ar\/","name":"LA DENTAL","description":"TECHNOLOGY IN DENTAL PRODUCTS","publisher":{"@id":"http:\/\/ladental.com.ar\/#organization"},"potentialAction":[{"@type":"SearchAction","target":{"@type":"EntryPoint","urlTemplate":"http:\/\/ladental.com.ar\/?s={search_term_string}"},"query-input":{"@type":"PropertyValueSpecification","valueRequired":true,"valueName":"search_term_string"}}],"inLanguage":"en-GB"},{"@type":"Organization","@id":"http:\/\/ladental.com.ar\/#organization","name":"LA DENTAL SRL","url":"http:\/\/ladental.com.ar\/","logo":{"@type":"ImageObject","inLanguage":"en-GB","@id":"http:\/\/ladental.com.ar\/#\/schema\/logo\/image\/","url":"https:\/\/ladental.com.ar\/wp-content\/uploads\/2021\/10\/logocolor.png","contentUrl":"https:\/\/ladental.com.ar\/wp-content\/uploads\/2021\/10\/logocolor.png","width":1276,"height":829,"caption":"LA DENTAL SRL"},"image":{"@id":"http:\/\/ladental.com.ar\/#\/schema\/logo\/image\/"}}]}},"_links":{"self":[{"href":"http:\/\/ladental.com.ar\/en\/wp-json\/wp\/v2\/product\/4533","targetHints":{"allow":["GET"]}}],"collection":[{"href":"http:\/\/ladental.com.ar\/en\/wp-json\/wp\/v2\/product"}],"about":[{"href":"http:\/\/ladental.com.ar\/en\/wp-json\/wp\/v2\/types\/product"}],"wp:featuredmedia":[{"embeddable":true,"href":"http:\/\/ladental.com.ar\/en\/wp-json\/wp\/v2\/media\/4523"}],"wp:attachment":[{"href":"http:\/\/ladental.com.ar\/en\/wp-json\/wp\/v2\/media?parent=4533"}],"wp:term":[{"taxonomy":"product_brand","embeddable":true,"href":"http:\/\/ladental.com.ar\/en\/wp-json\/wp\/v2\/product_brand?post=4533"},{"taxonomy":"product_cat","embeddable":true,"href":"http:\/\/ladental.com.ar\/en\/wp-json\/wp\/v2\/product_cat?post=4533"},{"taxonomy":"product_tag","embeddable":true,"href":"http:\/\/ladental.com.ar\/en\/wp-json\/wp\/v2\/product_tag?post=4533"}],"curies":[{"name":"wp","href":"https:\/\/api.w.org\/{rel}","templated":true}]}}