{"id":4534,"date":"2022-11-28T17:20:38","date_gmt":"2022-11-28T17:20:38","guid":{"rendered":"https:\/\/ladental.com.ar\/?post_type=product&#038;p=4534"},"modified":"2022-11-28T19:00:51","modified_gmt":"2022-11-28T19:00:51","slug":"immpresora-photon-mono-x-6k","status":"publish","type":"product","link":"http:\/\/ladental.com.ar\/en\/product\/immpresora-photon-mono-x-6k\/","title":{"rendered":"IMPRESORA 3d PHOTON MONO X 6K &#8220;Anycubic&#8221;"},"content":{"rendered":"","protected":false},"excerpt":{"rendered":"<p>La Photon Mono X 6K dispone de un volumen de impresi\u00f3n de <strong>5.9 litros con un \u00e1rea de pantalla de 248.75 cm\u00b2<\/strong>, es decir, que con facilidad podemos imprimir modelos de 9.6 x 7.8 x 4.8 pulgadas (24.5 x 19.7 x 12.2 cm).<\/p>\n<p>F<strong>abricada en aluminio<\/strong>, la nueva placa dispone de una superficie con un patr\u00f3n grabado por l\u00e1ser cuyo prop\u00f3sito no es otro sino mejorar la adherencia de las impresiones<\/p>\n<p>&#x26a0;&#xfe0f;<strong> Importante: pod\u00e9s consultar el stock y el valor por medio del bot\u00f3n de WhatsApp.<\/strong><\/p>","protected":false},"featured_media":4521,"template":"","meta":[],"product_brand":[],"product_cat":[184],"product_tag":[185,151,187],"class_list":{"0":"post-4534","1":"product","2":"type-product","3":"status-publish","4":"has-post-thumbnail","6":"product_cat-anycubic","7":"product_tag-impresora","8":"product_tag-impresora-3d","9":"product_tag-resina","11":"first","12":"instock","13":"shipping-taxable","14":"purchasable","15":"product-type-simple"},"yoast_head":"<!-- This site is optimized with the Yoast SEO plugin v27.5 - https:\/\/yoast.com\/product\/yoast-seo-wordpress\/ -->\n<title>IMPRESORA 3d PHOTON MONO X 6K &quot;Anycubic&quot; - LA DENTAL<\/title>\n<meta name=\"description\" content=\"La Photon Mono X 6K dispone de un volumen de impresi\u00f3n de 5.9 litros con un \u00e1rea de pantalla de 248.75 cm\u00b2, es decir, que con facilidad podemos imprimir modelos de 9.6 x 7.8 x 4.8 pulgadas (24.5 x 19.7 x 12.2 cm).\" \/>\n<meta name=\"robots\" content=\"index, follow, max-snippet:-1, max-image-preview:large, max-video-preview:-1\" \/>\n<link rel=\"canonical\" href=\"https:\/\/ladental.com.ar\/en\/product\/immpresora-photon-mono-x-6k\/\" \/>\n<meta property=\"og:locale\" content=\"en_GB\" \/>\n<meta property=\"og:type\" content=\"article\" \/>\n<meta property=\"og:title\" content=\"IMPRESORA 3d PHOTON MONO X 6K &quot;Anycubic&quot; - LA DENTAL\" \/>\n<meta property=\"og:description\" content=\"La Photon Mono X 6K dispone de un volumen de impresi\u00f3n de 5.9 litros con un \u00e1rea de pantalla de 248.75 cm\u00b2, es decir, que con facilidad podemos imprimir modelos de 9.6 x 7.8 x 4.8 pulgadas (24.5 x 19.7 x 12.2 cm).\" \/>\n<meta property=\"og:url\" content=\"https:\/\/ladental.com.ar\/en\/product\/immpresora-photon-mono-x-6k\/\" \/>\n<meta property=\"og:site_name\" content=\"LA DENTAL\" \/>\n<meta property=\"article:modified_time\" content=\"2022-11-28T19:00:51+00:00\" \/>\n<meta property=\"og:image\" content=\"https:\/\/ladental.com.ar\/wp-content\/uploads\/2022\/09\/mono-6k.jpg\" \/>\n\t<meta property=\"og:image:width\" content=\"600\" \/>\n\t<meta property=\"og:image:height\" content=\"600\" \/>\n\t<meta property=\"og:image:type\" content=\"image\/jpeg\" \/>\n<meta name=\"twitter:card\" content=\"summary_large_image\" \/>\n<script type=\"application\/ld+json\" class=\"yoast-schema-graph\">{\"@context\":\"https:\\\/\\\/schema.org\",\"@graph\":[{\"@type\":\"WebPage\",\"@id\":\"https:\\\/\\\/ladental.com.ar\\\/producto\\\/immpresora-photon-mono-x-6k\\\/\",\"url\":\"https:\\\/\\\/ladental.com.ar\\\/producto\\\/immpresora-photon-mono-x-6k\\\/\",\"name\":\"IMPRESORA 3d PHOTON MONO X 6K \\\"Anycubic\\\" - LA DENTAL\",\"isPartOf\":{\"@id\":\"http:\\\/\\\/ladental.com.ar\\\/#website\"},\"primaryImageOfPage\":{\"@id\":\"https:\\\/\\\/ladental.com.ar\\\/producto\\\/immpresora-photon-mono-x-6k\\\/#primaryimage\"},\"image\":{\"@id\":\"https:\\\/\\\/ladental.com.ar\\\/producto\\\/immpresora-photon-mono-x-6k\\\/#primaryimage\"},\"thumbnailUrl\":\"http:\\\/\\\/ladental.com.ar\\\/wp-content\\\/uploads\\\/2022\\\/09\\\/mono-6k.jpg\",\"datePublished\":\"2022-11-28T17:20:38+00:00\",\"dateModified\":\"2022-11-28T19:00:51+00:00\",\"description\":\"La Photon Mono X 6K dispone de un volumen de impresi\u00f3n de 5.9 litros con un \u00e1rea de pantalla de 248.75 cm\u00b2, es decir, que con facilidad podemos imprimir modelos de 9.6 x 7.8 x 4.8 pulgadas (24.5 x 19.7 x 12.2 cm).\",\"breadcrumb\":{\"@id\":\"https:\\\/\\\/ladental.com.ar\\\/producto\\\/immpresora-photon-mono-x-6k\\\/#breadcrumb\"},\"inLanguage\":\"en-GB\",\"potentialAction\":[{\"@type\":\"ReadAction\",\"target\":[\"https:\\\/\\\/ladental.com.ar\\\/producto\\\/immpresora-photon-mono-x-6k\\\/\"]}]},{\"@type\":\"ImageObject\",\"inLanguage\":\"en-GB\",\"@id\":\"https:\\\/\\\/ladental.com.ar\\\/producto\\\/immpresora-photon-mono-x-6k\\\/#primaryimage\",\"url\":\"http:\\\/\\\/ladental.com.ar\\\/wp-content\\\/uploads\\\/2022\\\/09\\\/mono-6k.jpg\",\"contentUrl\":\"http:\\\/\\\/ladental.com.ar\\\/wp-content\\\/uploads\\\/2022\\\/09\\\/mono-6k.jpg\",\"width\":600,\"height\":600,\"caption\":\"la dental srl\"},{\"@type\":\"BreadcrumbList\",\"@id\":\"https:\\\/\\\/ladental.com.ar\\\/producto\\\/immpresora-photon-mono-x-6k\\\/#breadcrumb\",\"itemListElement\":[{\"@type\":\"ListItem\",\"position\":1,\"name\":\"Portada\",\"item\":\"http:\\\/\\\/ladental.com.ar\\\/\"},{\"@type\":\"ListItem\",\"position\":2,\"name\":\"Productos\",\"item\":\"https:\\\/\\\/ladental.com.ar\\\/shop\\\/\"},{\"@type\":\"ListItem\",\"position\":3,\"name\":\"IMPRESORA 3d PHOTON MONO X 6K &#8220;Anycubic&#8221;\"}]},{\"@type\":\"WebSite\",\"@id\":\"http:\\\/\\\/ladental.com.ar\\\/#website\",\"url\":\"http:\\\/\\\/ladental.com.ar\\\/\",\"name\":\"LA DENTAL\",\"description\":\"TECNOLOG\u00cdA EN INSUMOS ODONTOL\u00d3GICOS\",\"publisher\":{\"@id\":\"http:\\\/\\\/ladental.com.ar\\\/#organization\"},\"potentialAction\":[{\"@type\":\"SearchAction\",\"target\":{\"@type\":\"EntryPoint\",\"urlTemplate\":\"http:\\\/\\\/ladental.com.ar\\\/?s={search_term_string}\"},\"query-input\":{\"@type\":\"PropertyValueSpecification\",\"valueRequired\":true,\"valueName\":\"search_term_string\"}}],\"inLanguage\":\"en-GB\"},{\"@type\":\"Organization\",\"@id\":\"http:\\\/\\\/ladental.com.ar\\\/#organization\",\"name\":\"LA DENTAL SRL\",\"url\":\"http:\\\/\\\/ladental.com.ar\\\/\",\"logo\":{\"@type\":\"ImageObject\",\"inLanguage\":\"en-GB\",\"@id\":\"http:\\\/\\\/ladental.com.ar\\\/#\\\/schema\\\/logo\\\/image\\\/\",\"url\":\"https:\\\/\\\/ladental.com.ar\\\/wp-content\\\/uploads\\\/2021\\\/10\\\/logocolor.png\",\"contentUrl\":\"https:\\\/\\\/ladental.com.ar\\\/wp-content\\\/uploads\\\/2021\\\/10\\\/logocolor.png\",\"width\":1276,\"height\":829,\"caption\":\"LA DENTAL SRL\"},\"image\":{\"@id\":\"http:\\\/\\\/ladental.com.ar\\\/#\\\/schema\\\/logo\\\/image\\\/\"}}]}<\/script>\n<!-- \/ Yoast SEO plugin. -->","yoast_head_json":{"title":"IMPRESORA 3d PHOTON MONO X 6K \"Anycubic\" - LA DENTAL","description":"La Photon Mono X 6K dispone de un volumen de impresi\u00f3n de 5.9 litros con un \u00e1rea de pantalla de 248.75 cm\u00b2, es decir, que con facilidad podemos imprimir modelos de 9.6 x 7.8 x 4.8 pulgadas (24.5 x 19.7 x 12.2 cm).","robots":{"index":"index","follow":"follow","max-snippet":"max-snippet:-1","max-image-preview":"max-image-preview:large","max-video-preview":"max-video-preview:-1"},"canonical":"https:\/\/ladental.com.ar\/en\/product\/immpresora-photon-mono-x-6k\/","og_locale":"en_GB","og_type":"article","og_title":"IMPRESORA 3d PHOTON MONO X 6K \"Anycubic\" - LA DENTAL","og_description":"La Photon Mono X 6K dispone de un volumen de impresi\u00f3n de 5.9 litros con un \u00e1rea de pantalla de 248.75 cm\u00b2, es decir, que con facilidad podemos imprimir modelos de 9.6 x 7.8 x 4.8 pulgadas (24.5 x 19.7 x 12.2 cm).","og_url":"https:\/\/ladental.com.ar\/en\/product\/immpresora-photon-mono-x-6k\/","og_site_name":"LA DENTAL","article_modified_time":"2022-11-28T19:00:51+00:00","og_image":[{"width":600,"height":600,"url":"https:\/\/ladental.com.ar\/wp-content\/uploads\/2022\/09\/mono-6k.jpg","type":"image\/jpeg"}],"twitter_card":"summary_large_image","schema":{"@context":"https:\/\/schema.org","@graph":[{"@type":"WebPage","@id":"https:\/\/ladental.com.ar\/producto\/immpresora-photon-mono-x-6k\/","url":"https:\/\/ladental.com.ar\/producto\/immpresora-photon-mono-x-6k\/","name":"IMPRESORA 3d PHOTON MONO X 6K \"Anycubic\" - LA DENTAL","isPartOf":{"@id":"http:\/\/ladental.com.ar\/#website"},"primaryImageOfPage":{"@id":"https:\/\/ladental.com.ar\/producto\/immpresora-photon-mono-x-6k\/#primaryimage"},"image":{"@id":"https:\/\/ladental.com.ar\/producto\/immpresora-photon-mono-x-6k\/#primaryimage"},"thumbnailUrl":"http:\/\/ladental.com.ar\/wp-content\/uploads\/2022\/09\/mono-6k.jpg","datePublished":"2022-11-28T17:20:38+00:00","dateModified":"2022-11-28T19:00:51+00:00","description":"La Photon Mono X 6K dispone de un volumen de impresi\u00f3n de 5.9 litros con un \u00e1rea de pantalla de 248.75 cm\u00b2, es decir, que con facilidad podemos imprimir modelos de 9.6 x 7.8 x 4.8 pulgadas (24.5 x 19.7 x 12.2 cm).","breadcrumb":{"@id":"https:\/\/ladental.com.ar\/producto\/immpresora-photon-mono-x-6k\/#breadcrumb"},"inLanguage":"en-GB","potentialAction":[{"@type":"ReadAction","target":["https:\/\/ladental.com.ar\/producto\/immpresora-photon-mono-x-6k\/"]}]},{"@type":"ImageObject","inLanguage":"en-GB","@id":"https:\/\/ladental.com.ar\/producto\/immpresora-photon-mono-x-6k\/#primaryimage","url":"http:\/\/ladental.com.ar\/wp-content\/uploads\/2022\/09\/mono-6k.jpg","contentUrl":"http:\/\/ladental.com.ar\/wp-content\/uploads\/2022\/09\/mono-6k.jpg","width":600,"height":600,"caption":"la dental srl"},{"@type":"BreadcrumbList","@id":"https:\/\/ladental.com.ar\/producto\/immpresora-photon-mono-x-6k\/#breadcrumb","itemListElement":[{"@type":"ListItem","position":1,"name":"Portada","item":"http:\/\/ladental.com.ar\/"},{"@type":"ListItem","position":2,"name":"Productos","item":"https:\/\/ladental.com.ar\/shop\/"},{"@type":"ListItem","position":3,"name":"IMPRESORA 3d PHOTON MONO X 6K &#8220;Anycubic&#8221;"}]},{"@type":"WebSite","@id":"http:\/\/ladental.com.ar\/#website","url":"http:\/\/ladental.com.ar\/","name":"LA DENTAL","description":"TECHNOLOGY IN DENTAL PRODUCTS","publisher":{"@id":"http:\/\/ladental.com.ar\/#organization"},"potentialAction":[{"@type":"SearchAction","target":{"@type":"EntryPoint","urlTemplate":"http:\/\/ladental.com.ar\/?s={search_term_string}"},"query-input":{"@type":"PropertyValueSpecification","valueRequired":true,"valueName":"search_term_string"}}],"inLanguage":"en-GB"},{"@type":"Organization","@id":"http:\/\/ladental.com.ar\/#organization","name":"LA DENTAL SRL","url":"http:\/\/ladental.com.ar\/","logo":{"@type":"ImageObject","inLanguage":"en-GB","@id":"http:\/\/ladental.com.ar\/#\/schema\/logo\/image\/","url":"https:\/\/ladental.com.ar\/wp-content\/uploads\/2021\/10\/logocolor.png","contentUrl":"https:\/\/ladental.com.ar\/wp-content\/uploads\/2021\/10\/logocolor.png","width":1276,"height":829,"caption":"LA DENTAL SRL"},"image":{"@id":"http:\/\/ladental.com.ar\/#\/schema\/logo\/image\/"}}]}},"_links":{"self":[{"href":"http:\/\/ladental.com.ar\/en\/wp-json\/wp\/v2\/product\/4534","targetHints":{"allow":["GET"]}}],"collection":[{"href":"http:\/\/ladental.com.ar\/en\/wp-json\/wp\/v2\/product"}],"about":[{"href":"http:\/\/ladental.com.ar\/en\/wp-json\/wp\/v2\/types\/product"}],"wp:featuredmedia":[{"embeddable":true,"href":"http:\/\/ladental.com.ar\/en\/wp-json\/wp\/v2\/media\/4521"}],"wp:attachment":[{"href":"http:\/\/ladental.com.ar\/en\/wp-json\/wp\/v2\/media?parent=4534"}],"wp:term":[{"taxonomy":"product_brand","embeddable":true,"href":"http:\/\/ladental.com.ar\/en\/wp-json\/wp\/v2\/product_brand?post=4534"},{"taxonomy":"product_cat","embeddable":true,"href":"http:\/\/ladental.com.ar\/en\/wp-json\/wp\/v2\/product_cat?post=4534"},{"taxonomy":"product_tag","embeddable":true,"href":"http:\/\/ladental.com.ar\/en\/wp-json\/wp\/v2\/product_tag?post=4534"}],"curies":[{"name":"wp","href":"https:\/\/api.w.org\/{rel}","templated":true}]}}