{"id":4535,"date":"2022-11-28T19:07:43","date_gmt":"2022-11-28T19:07:43","guid":{"rendered":"https:\/\/ladental.com.ar\/?post_type=product&#038;p=4535"},"modified":"2022-11-28T19:13:05","modified_gmt":"2022-11-28T19:13:05","slug":"impresora-3d-photon-mono-4k-anycubic","status":"publish","type":"product","link":"http:\/\/ladental.com.ar\/en\/product\/impresora-3d-photon-mono-4k-anycubic\/","title":{"rendered":"IMPRESORA 3d PHOTON MONO  4K &#8220;Anycubic&#8221;"},"content":{"rendered":"","protected":false},"excerpt":{"rendered":"<p>La caracter\u00edstica estrella de este equipo de impresi\u00f3n 3D LCD es su pantalla 4K. La <strong>pantalla de Anycubic Photon Mono 4K cuenta con m\u00e1s de 9.2 millones de p\u00edxeles<\/strong>, obteniendo una resoluci\u00f3n un 122 % m\u00e1s alta que con una pantalla 2K.<\/p>\n<p>Volumen de impresi\u00f3n de 132 x 80 x 165 mm, lo que permite al usuario la fabricaci\u00f3n de <strong>piezas de gran tama\u00f1o<\/strong>.<\/p>\n<p>Cuenta con su propio software laminador, <strong>Photon Workshop<\/strong>, que cuenta con multitud de funciones para facilitar y agilizar el proceso de laminado de modelos<\/p>\n<p>&#x26a0;&#xfe0f;<strong> Importante: pod\u00e9s consultar el stock y el valor por medio del bot\u00f3n de WhatsApp.<\/strong><\/p>","protected":false},"featured_media":4520,"template":"","meta":[],"product_brand":[],"product_cat":[184],"product_tag":[188,185,151,187],"class_list":{"0":"post-4535","1":"product","2":"type-product","3":"status-publish","4":"has-post-thumbnail","6":"product_cat-anycubic","7":"product_tag-4k","8":"product_tag-impresora","9":"product_tag-impresora-3d","10":"product_tag-resina","12":"first","13":"instock","14":"shipping-taxable","15":"purchasable","16":"product-type-simple"},"yoast_head":"<!-- This site is optimized with the Yoast SEO plugin v27.5 - https:\/\/yoast.com\/product\/yoast-seo-wordpress\/ -->\n<title>IMPRESORA 3d PHOTON MONO 4K &quot;Anycubic&quot; - LA DENTAL<\/title>\n<meta name=\"description\" content=\"La caracter\u00edstica estrella de este equipo de impresi\u00f3n 3D LCD es su pantalla 4K. La pantalla de Anycubic Photon Mono 4K cuenta con m\u00e1s de 9.2 millones de p\u00edxeles, obteniendo una resoluci\u00f3n un 122 % m\u00e1s alta que con una pantalla 2K.\" \/>\n<meta name=\"robots\" content=\"index, follow, max-snippet:-1, max-image-preview:large, max-video-preview:-1\" \/>\n<link rel=\"canonical\" href=\"https:\/\/ladental.com.ar\/en\/product\/impresora-3d-photon-mono-4k-anycubic\/\" \/>\n<meta property=\"og:locale\" content=\"en_GB\" \/>\n<meta property=\"og:type\" content=\"article\" \/>\n<meta property=\"og:title\" content=\"IMPRESORA 3d PHOTON MONO 4K &quot;Anycubic&quot; - LA DENTAL\" \/>\n<meta property=\"og:description\" content=\"La caracter\u00edstica estrella de este equipo de impresi\u00f3n 3D LCD es su pantalla 4K. La pantalla de Anycubic Photon Mono 4K cuenta con m\u00e1s de 9.2 millones de p\u00edxeles, obteniendo una resoluci\u00f3n un 122 % m\u00e1s alta que con una pantalla 2K.\" \/>\n<meta property=\"og:url\" content=\"https:\/\/ladental.com.ar\/en\/product\/impresora-3d-photon-mono-4k-anycubic\/\" \/>\n<meta property=\"og:site_name\" content=\"LA DENTAL\" \/>\n<meta property=\"article:modified_time\" content=\"2022-11-28T19:13:05+00:00\" \/>\n<meta property=\"og:image\" content=\"https:\/\/ladental.com.ar\/wp-content\/uploads\/2022\/09\/mono-4k.jpg\" \/>\n\t<meta property=\"og:image:width\" content=\"600\" \/>\n\t<meta property=\"og:image:height\" content=\"600\" \/>\n\t<meta property=\"og:image:type\" content=\"image\/jpeg\" \/>\n<meta name=\"twitter:card\" content=\"summary_large_image\" \/>\n<script type=\"application\/ld+json\" class=\"yoast-schema-graph\">{\"@context\":\"https:\\\/\\\/schema.org\",\"@graph\":[{\"@type\":\"WebPage\",\"@id\":\"https:\\\/\\\/ladental.com.ar\\\/en\\\/product\\\/impresora-3d-photon-mono-4k-anycubic\\\/\",\"url\":\"https:\\\/\\\/ladental.com.ar\\\/en\\\/product\\\/impresora-3d-photon-mono-4k-anycubic\\\/\",\"name\":\"IMPRESORA 3d PHOTON MONO 4K \\\"Anycubic\\\" - LA DENTAL\",\"isPartOf\":{\"@id\":\"http:\\\/\\\/ladental.com.ar\\\/#website\"},\"primaryImageOfPage\":{\"@id\":\"https:\\\/\\\/ladental.com.ar\\\/en\\\/product\\\/impresora-3d-photon-mono-4k-anycubic\\\/#primaryimage\"},\"image\":{\"@id\":\"https:\\\/\\\/ladental.com.ar\\\/en\\\/product\\\/impresora-3d-photon-mono-4k-anycubic\\\/#primaryimage\"},\"thumbnailUrl\":\"http:\\\/\\\/ladental.com.ar\\\/wp-content\\\/uploads\\\/2022\\\/09\\\/mono-4k.jpg\",\"datePublished\":\"2022-11-28T19:07:43+00:00\",\"dateModified\":\"2022-11-28T19:13:05+00:00\",\"description\":\"La caracter\u00edstica estrella de este equipo de impresi\u00f3n 3D LCD es su pantalla 4K. La pantalla de Anycubic Photon Mono 4K cuenta con m\u00e1s de 9.2 millones de p\u00edxeles, obteniendo una resoluci\u00f3n un 122 % m\u00e1s alta que con una pantalla 2K.\",\"breadcrumb\":{\"@id\":\"https:\\\/\\\/ladental.com.ar\\\/en\\\/product\\\/impresora-3d-photon-mono-4k-anycubic\\\/#breadcrumb\"},\"inLanguage\":\"en-GB\",\"potentialAction\":[{\"@type\":\"ReadAction\",\"target\":[\"https:\\\/\\\/ladental.com.ar\\\/en\\\/product\\\/impresora-3d-photon-mono-4k-anycubic\\\/\"]}]},{\"@type\":\"ImageObject\",\"inLanguage\":\"en-GB\",\"@id\":\"https:\\\/\\\/ladental.com.ar\\\/en\\\/product\\\/impresora-3d-photon-mono-4k-anycubic\\\/#primaryimage\",\"url\":\"http:\\\/\\\/ladental.com.ar\\\/wp-content\\\/uploads\\\/2022\\\/09\\\/mono-4k.jpg\",\"contentUrl\":\"http:\\\/\\\/ladental.com.ar\\\/wp-content\\\/uploads\\\/2022\\\/09\\\/mono-4k.jpg\",\"width\":600,\"height\":600,\"caption\":\"la dental srl\"},{\"@type\":\"BreadcrumbList\",\"@id\":\"https:\\\/\\\/ladental.com.ar\\\/en\\\/product\\\/impresora-3d-photon-mono-4k-anycubic\\\/#breadcrumb\",\"itemListElement\":[{\"@type\":\"ListItem\",\"position\":1,\"name\":\"Portada\",\"item\":\"http:\\\/\\\/ladental.com.ar\\\/\"},{\"@type\":\"ListItem\",\"position\":2,\"name\":\"Productos\",\"item\":\"https:\\\/\\\/ladental.com.ar\\\/shop\\\/\"},{\"@type\":\"ListItem\",\"position\":3,\"name\":\"IMPRESORA 3d PHOTON MONO 4K &#8220;Anycubic&#8221;\"}]},{\"@type\":\"WebSite\",\"@id\":\"http:\\\/\\\/ladental.com.ar\\\/#website\",\"url\":\"http:\\\/\\\/ladental.com.ar\\\/\",\"name\":\"LA DENTAL\",\"description\":\"TECNOLOG\u00cdA EN INSUMOS ODONTOL\u00d3GICOS\",\"publisher\":{\"@id\":\"http:\\\/\\\/ladental.com.ar\\\/#organization\"},\"potentialAction\":[{\"@type\":\"SearchAction\",\"target\":{\"@type\":\"EntryPoint\",\"urlTemplate\":\"http:\\\/\\\/ladental.com.ar\\\/?s={search_term_string}\"},\"query-input\":{\"@type\":\"PropertyValueSpecification\",\"valueRequired\":true,\"valueName\":\"search_term_string\"}}],\"inLanguage\":\"en-GB\"},{\"@type\":\"Organization\",\"@id\":\"http:\\\/\\\/ladental.com.ar\\\/#organization\",\"name\":\"LA DENTAL SRL\",\"url\":\"http:\\\/\\\/ladental.com.ar\\\/\",\"logo\":{\"@type\":\"ImageObject\",\"inLanguage\":\"en-GB\",\"@id\":\"http:\\\/\\\/ladental.com.ar\\\/#\\\/schema\\\/logo\\\/image\\\/\",\"url\":\"https:\\\/\\\/ladental.com.ar\\\/wp-content\\\/uploads\\\/2021\\\/10\\\/logocolor.png\",\"contentUrl\":\"https:\\\/\\\/ladental.com.ar\\\/wp-content\\\/uploads\\\/2021\\\/10\\\/logocolor.png\",\"width\":1276,\"height\":829,\"caption\":\"LA DENTAL SRL\"},\"image\":{\"@id\":\"http:\\\/\\\/ladental.com.ar\\\/#\\\/schema\\\/logo\\\/image\\\/\"}}]}<\/script>\n<!-- \/ Yoast SEO plugin. -->","yoast_head_json":{"title":"IMPRESORA 3d PHOTON MONO 4K \"Anycubic\" - LA DENTAL","description":"La caracter\u00edstica estrella de este equipo de impresi\u00f3n 3D LCD es su pantalla 4K. La pantalla de Anycubic Photon Mono 4K cuenta con m\u00e1s de 9.2 millones de p\u00edxeles, obteniendo una resoluci\u00f3n un 122 % m\u00e1s alta que con una pantalla 2K.","robots":{"index":"index","follow":"follow","max-snippet":"max-snippet:-1","max-image-preview":"max-image-preview:large","max-video-preview":"max-video-preview:-1"},"canonical":"https:\/\/ladental.com.ar\/en\/product\/impresora-3d-photon-mono-4k-anycubic\/","og_locale":"en_GB","og_type":"article","og_title":"IMPRESORA 3d PHOTON MONO 4K \"Anycubic\" - LA DENTAL","og_description":"La caracter\u00edstica estrella de este equipo de impresi\u00f3n 3D LCD es su pantalla 4K. La pantalla de Anycubic Photon Mono 4K cuenta con m\u00e1s de 9.2 millones de p\u00edxeles, obteniendo una resoluci\u00f3n un 122 % m\u00e1s alta que con una pantalla 2K.","og_url":"https:\/\/ladental.com.ar\/en\/product\/impresora-3d-photon-mono-4k-anycubic\/","og_site_name":"LA DENTAL","article_modified_time":"2022-11-28T19:13:05+00:00","og_image":[{"width":600,"height":600,"url":"https:\/\/ladental.com.ar\/wp-content\/uploads\/2022\/09\/mono-4k.jpg","type":"image\/jpeg"}],"twitter_card":"summary_large_image","schema":{"@context":"https:\/\/schema.org","@graph":[{"@type":"WebPage","@id":"https:\/\/ladental.com.ar\/en\/product\/impresora-3d-photon-mono-4k-anycubic\/","url":"https:\/\/ladental.com.ar\/en\/product\/impresora-3d-photon-mono-4k-anycubic\/","name":"IMPRESORA 3d PHOTON MONO 4K \"Anycubic\" - LA DENTAL","isPartOf":{"@id":"http:\/\/ladental.com.ar\/#website"},"primaryImageOfPage":{"@id":"https:\/\/ladental.com.ar\/en\/product\/impresora-3d-photon-mono-4k-anycubic\/#primaryimage"},"image":{"@id":"https:\/\/ladental.com.ar\/en\/product\/impresora-3d-photon-mono-4k-anycubic\/#primaryimage"},"thumbnailUrl":"http:\/\/ladental.com.ar\/wp-content\/uploads\/2022\/09\/mono-4k.jpg","datePublished":"2022-11-28T19:07:43+00:00","dateModified":"2022-11-28T19:13:05+00:00","description":"La caracter\u00edstica estrella de este equipo de impresi\u00f3n 3D LCD es su pantalla 4K. La pantalla de Anycubic Photon Mono 4K cuenta con m\u00e1s de 9.2 millones de p\u00edxeles, obteniendo una resoluci\u00f3n un 122 % m\u00e1s alta que con una pantalla 2K.","breadcrumb":{"@id":"https:\/\/ladental.com.ar\/en\/product\/impresora-3d-photon-mono-4k-anycubic\/#breadcrumb"},"inLanguage":"en-GB","potentialAction":[{"@type":"ReadAction","target":["https:\/\/ladental.com.ar\/en\/product\/impresora-3d-photon-mono-4k-anycubic\/"]}]},{"@type":"ImageObject","inLanguage":"en-GB","@id":"https:\/\/ladental.com.ar\/en\/product\/impresora-3d-photon-mono-4k-anycubic\/#primaryimage","url":"http:\/\/ladental.com.ar\/wp-content\/uploads\/2022\/09\/mono-4k.jpg","contentUrl":"http:\/\/ladental.com.ar\/wp-content\/uploads\/2022\/09\/mono-4k.jpg","width":600,"height":600,"caption":"la dental srl"},{"@type":"BreadcrumbList","@id":"https:\/\/ladental.com.ar\/en\/product\/impresora-3d-photon-mono-4k-anycubic\/#breadcrumb","itemListElement":[{"@type":"ListItem","position":1,"name":"Portada","item":"http:\/\/ladental.com.ar\/"},{"@type":"ListItem","position":2,"name":"Productos","item":"https:\/\/ladental.com.ar\/shop\/"},{"@type":"ListItem","position":3,"name":"IMPRESORA 3d PHOTON MONO 4K &#8220;Anycubic&#8221;"}]},{"@type":"WebSite","@id":"http:\/\/ladental.com.ar\/#website","url":"http:\/\/ladental.com.ar\/","name":"LA DENTAL","description":"TECHNOLOGY IN DENTAL PRODUCTS","publisher":{"@id":"http:\/\/ladental.com.ar\/#organization"},"potentialAction":[{"@type":"SearchAction","target":{"@type":"EntryPoint","urlTemplate":"http:\/\/ladental.com.ar\/?s={search_term_string}"},"query-input":{"@type":"PropertyValueSpecification","valueRequired":true,"valueName":"search_term_string"}}],"inLanguage":"en-GB"},{"@type":"Organization","@id":"http:\/\/ladental.com.ar\/#organization","name":"LA DENTAL SRL","url":"http:\/\/ladental.com.ar\/","logo":{"@type":"ImageObject","inLanguage":"en-GB","@id":"http:\/\/ladental.com.ar\/#\/schema\/logo\/image\/","url":"https:\/\/ladental.com.ar\/wp-content\/uploads\/2021\/10\/logocolor.png","contentUrl":"https:\/\/ladental.com.ar\/wp-content\/uploads\/2021\/10\/logocolor.png","width":1276,"height":829,"caption":"LA DENTAL SRL"},"image":{"@id":"http:\/\/ladental.com.ar\/#\/schema\/logo\/image\/"}}]}},"_links":{"self":[{"href":"http:\/\/ladental.com.ar\/en\/wp-json\/wp\/v2\/product\/4535","targetHints":{"allow":["GET"]}}],"collection":[{"href":"http:\/\/ladental.com.ar\/en\/wp-json\/wp\/v2\/product"}],"about":[{"href":"http:\/\/ladental.com.ar\/en\/wp-json\/wp\/v2\/types\/product"}],"wp:featuredmedia":[{"embeddable":true,"href":"http:\/\/ladental.com.ar\/en\/wp-json\/wp\/v2\/media\/4520"}],"wp:attachment":[{"href":"http:\/\/ladental.com.ar\/en\/wp-json\/wp\/v2\/media?parent=4535"}],"wp:term":[{"taxonomy":"product_brand","embeddable":true,"href":"http:\/\/ladental.com.ar\/en\/wp-json\/wp\/v2\/product_brand?post=4535"},{"taxonomy":"product_cat","embeddable":true,"href":"http:\/\/ladental.com.ar\/en\/wp-json\/wp\/v2\/product_cat?post=4535"},{"taxonomy":"product_tag","embeddable":true,"href":"http:\/\/ladental.com.ar\/en\/wp-json\/wp\/v2\/product_tag?post=4535"}],"curies":[{"name":"wp","href":"https:\/\/api.w.org\/{rel}","templated":true}]}}