{"id":4532,"date":"2022-11-28T17:20:30","date_gmt":"2022-11-28T17:20:30","guid":{"rendered":"https:\/\/ladental.com.ar\/?post_type=product&#038;p=4532"},"modified":"2022-11-28T18:43:26","modified_gmt":"2022-11-28T18:43:26","slug":"escaner-up400","status":"publish","type":"product","link":"https:\/\/ladental.com.ar\/en\/product\/escaner-up400\/","title":{"rendered":"ESCANER  UP400 &#8220;Up3d&#8221;"},"content":{"rendered":"","protected":false},"excerpt":{"rendered":"<p>En comparaci\u00f3n con el m\u00e9todo de escaneo tradicional, <strong>el UP400 ahorrar\u00e1 el 50 % de su tiempo de trabajo al escanear<\/strong> un cuadrante con solo dos pasos.<\/p>\n<ul>\n<li>Tama\u00f1o: 355 \u00d7 268 \u00d7 384 (mm)<\/li>\n<li>Peso: 9,5 kg C\u00e1mara: 2*1,3 (MP)<\/li>\n<li>Precisi\u00f3n: 8 micras<\/li>\n<li>Proyecto: Luz azul personalizada \/ escaneo multicolor Interfaz:<\/li>\n<li>USB 3.0<\/li>\n<li>Formatos de salida: STL; MU; CAPA ; OBJ<\/li>\n<li>Fuente de alimentaci\u00f3n: CA110-240V, 50HZ<\/li>\n<li>Funciones: Escaneo todo en uno Escaneo con un solo clic Bandeja triple | Detecci\u00f3n de l\u00ednea de margen<\/li>\n<li>Escaneo de textura de color verdadero Escaneo deimpresi\u00f3n Escaneo de modelos no seccionados<\/li>\n<li>Arco completo: 12s<\/li>\n<li>Troquel de 12 unidades : 24s<\/li>\n<li>Todo en uno: 16s<\/li>\n<li>Bandeja triple: 70s<\/li>\n<\/ul>\n<p>&#x26a0;&#xfe0f;<strong> Importante: pod\u00e9s consultar el stock y el valor por medio del bot\u00f3n de WhatsApp.<\/strong><\/p>","protected":false},"featured_media":4526,"template":"","meta":[],"product_brand":[],"product_cat":[175],"product_tag":[176,177,183],"class_list":{"0":"post-4532","1":"product","2":"type-product","3":"status-publish","4":"has-post-thumbnail","6":"product_cat-up3d","7":"product_tag-escaner","8":"product_tag-escaner-de-mesa","9":"product_tag-up400","11":"first","12":"instock","13":"shipping-taxable","14":"purchasable","15":"product-type-simple"},"yoast_head":"<!-- This site is optimized with the Yoast SEO plugin v27.5 - https:\/\/yoast.com\/product\/yoast-seo-wordpress\/ -->\n<title>ESCANER UP400 &quot;Up3d&quot; - LA DENTAL<\/title>\n<meta name=\"description\" content=\"En comparaci\u00f3n con el m\u00e9todo de escaneo tradicional, el UP400 ahorrar\u00e1 el 50 % de su tiempo de trabajo al escanear un cuadrante con solo dos pasos.\" \/>\n<meta name=\"robots\" content=\"index, follow, max-snippet:-1, max-image-preview:large, max-video-preview:-1\" \/>\n<link rel=\"canonical\" href=\"https:\/\/ladental.com.ar\/en\/product\/escaner-up400\/\" \/>\n<meta property=\"og:locale\" content=\"en_GB\" \/>\n<meta property=\"og:type\" content=\"article\" \/>\n<meta property=\"og:title\" content=\"ESCANER UP400 &quot;Up3d&quot; - LA DENTAL\" \/>\n<meta property=\"og:description\" content=\"En comparaci\u00f3n con el m\u00e9todo de escaneo tradicional, el UP400 ahorrar\u00e1 el 50 % de su tiempo de trabajo al escanear un cuadrante con solo dos pasos.\" \/>\n<meta property=\"og:url\" content=\"https:\/\/ladental.com.ar\/en\/product\/escaner-up400\/\" \/>\n<meta property=\"og:site_name\" content=\"LA DENTAL\" \/>\n<meta property=\"article:modified_time\" content=\"2022-11-28T18:43:26+00:00\" \/>\n<meta property=\"og:image\" content=\"https:\/\/ladental.com.ar\/wp-content\/uploads\/2022\/09\/up400.jpg\" \/>\n\t<meta property=\"og:image:width\" content=\"600\" \/>\n\t<meta property=\"og:image:height\" content=\"600\" \/>\n\t<meta property=\"og:image:type\" content=\"image\/jpeg\" \/>\n<meta name=\"twitter:card\" content=\"summary_large_image\" \/>\n<script type=\"application\/ld+json\" class=\"yoast-schema-graph\">{\"@context\":\"https:\\\/\\\/schema.org\",\"@graph\":[{\"@type\":\"WebPage\",\"@id\":\"https:\\\/\\\/ladental.com.ar\\\/producto\\\/escaner-up400\\\/\",\"url\":\"https:\\\/\\\/ladental.com.ar\\\/producto\\\/escaner-up400\\\/\",\"name\":\"ESCANER UP400 \\\"Up3d\\\" - LA DENTAL\",\"isPartOf\":{\"@id\":\"http:\\\/\\\/ladental.com.ar\\\/#website\"},\"primaryImageOfPage\":{\"@id\":\"https:\\\/\\\/ladental.com.ar\\\/producto\\\/escaner-up400\\\/#primaryimage\"},\"image\":{\"@id\":\"https:\\\/\\\/ladental.com.ar\\\/producto\\\/escaner-up400\\\/#primaryimage\"},\"thumbnailUrl\":\"https:\\\/\\\/ladental.com.ar\\\/wp-content\\\/uploads\\\/2022\\\/09\\\/up400.jpg\",\"datePublished\":\"2022-11-28T17:20:30+00:00\",\"dateModified\":\"2022-11-28T18:43:26+00:00\",\"description\":\"En comparaci\u00f3n con el m\u00e9todo de escaneo tradicional, el UP400 ahorrar\u00e1 el 50 % de su tiempo de trabajo al escanear un cuadrante con solo dos pasos.\",\"breadcrumb\":{\"@id\":\"https:\\\/\\\/ladental.com.ar\\\/producto\\\/escaner-up400\\\/#breadcrumb\"},\"inLanguage\":\"en-GB\",\"potentialAction\":[{\"@type\":\"ReadAction\",\"target\":[\"https:\\\/\\\/ladental.com.ar\\\/producto\\\/escaner-up400\\\/\"]}]},{\"@type\":\"ImageObject\",\"inLanguage\":\"en-GB\",\"@id\":\"https:\\\/\\\/ladental.com.ar\\\/producto\\\/escaner-up400\\\/#primaryimage\",\"url\":\"https:\\\/\\\/ladental.com.ar\\\/wp-content\\\/uploads\\\/2022\\\/09\\\/up400.jpg\",\"contentUrl\":\"https:\\\/\\\/ladental.com.ar\\\/wp-content\\\/uploads\\\/2022\\\/09\\\/up400.jpg\",\"width\":600,\"height\":600,\"caption\":\"la dental srl\"},{\"@type\":\"BreadcrumbList\",\"@id\":\"https:\\\/\\\/ladental.com.ar\\\/producto\\\/escaner-up400\\\/#breadcrumb\",\"itemListElement\":[{\"@type\":\"ListItem\",\"position\":1,\"name\":\"Portada\",\"item\":\"http:\\\/\\\/ladental.com.ar\\\/\"},{\"@type\":\"ListItem\",\"position\":2,\"name\":\"Products\",\"item\":\"https:\\\/\\\/ladental.com.ar\\\/en\\\/shop\\\/\"},{\"@type\":\"ListItem\",\"position\":3,\"name\":\"ESCANER UP400 &#8220;Up3d&#8221;\"}]},{\"@type\":\"WebSite\",\"@id\":\"http:\\\/\\\/ladental.com.ar\\\/#website\",\"url\":\"http:\\\/\\\/ladental.com.ar\\\/\",\"name\":\"LA DENTAL\",\"description\":\"TECNOLOG\u00cdA EN INSUMOS ODONTOL\u00d3GICOS\",\"publisher\":{\"@id\":\"http:\\\/\\\/ladental.com.ar\\\/#organization\"},\"potentialAction\":[{\"@type\":\"SearchAction\",\"target\":{\"@type\":\"EntryPoint\",\"urlTemplate\":\"http:\\\/\\\/ladental.com.ar\\\/?s={search_term_string}\"},\"query-input\":{\"@type\":\"PropertyValueSpecification\",\"valueRequired\":true,\"valueName\":\"search_term_string\"}}],\"inLanguage\":\"en-GB\"},{\"@type\":\"Organization\",\"@id\":\"http:\\\/\\\/ladental.com.ar\\\/#organization\",\"name\":\"LA DENTAL SRL\",\"url\":\"http:\\\/\\\/ladental.com.ar\\\/\",\"logo\":{\"@type\":\"ImageObject\",\"inLanguage\":\"en-GB\",\"@id\":\"http:\\\/\\\/ladental.com.ar\\\/#\\\/schema\\\/logo\\\/image\\\/\",\"url\":\"https:\\\/\\\/ladental.com.ar\\\/wp-content\\\/uploads\\\/2021\\\/10\\\/logocolor.png\",\"contentUrl\":\"https:\\\/\\\/ladental.com.ar\\\/wp-content\\\/uploads\\\/2021\\\/10\\\/logocolor.png\",\"width\":1276,\"height\":829,\"caption\":\"LA DENTAL SRL\"},\"image\":{\"@id\":\"http:\\\/\\\/ladental.com.ar\\\/#\\\/schema\\\/logo\\\/image\\\/\"}}]}<\/script>\n<!-- \/ Yoast SEO plugin. -->","yoast_head_json":{"title":"ESCANER UP400 \"Up3d\" - LA DENTAL","description":"En comparaci\u00f3n con el m\u00e9todo de escaneo tradicional, el UP400 ahorrar\u00e1 el 50 % de su tiempo de trabajo al escanear un cuadrante con solo dos pasos.","robots":{"index":"index","follow":"follow","max-snippet":"max-snippet:-1","max-image-preview":"max-image-preview:large","max-video-preview":"max-video-preview:-1"},"canonical":"https:\/\/ladental.com.ar\/en\/product\/escaner-up400\/","og_locale":"en_GB","og_type":"article","og_title":"ESCANER UP400 \"Up3d\" - LA DENTAL","og_description":"En comparaci\u00f3n con el m\u00e9todo de escaneo tradicional, el UP400 ahorrar\u00e1 el 50 % de su tiempo de trabajo al escanear un cuadrante con solo dos pasos.","og_url":"https:\/\/ladental.com.ar\/en\/product\/escaner-up400\/","og_site_name":"LA DENTAL","article_modified_time":"2022-11-28T18:43:26+00:00","og_image":[{"width":600,"height":600,"url":"https:\/\/ladental.com.ar\/wp-content\/uploads\/2022\/09\/up400.jpg","type":"image\/jpeg"}],"twitter_card":"summary_large_image","schema":{"@context":"https:\/\/schema.org","@graph":[{"@type":"WebPage","@id":"https:\/\/ladental.com.ar\/producto\/escaner-up400\/","url":"https:\/\/ladental.com.ar\/producto\/escaner-up400\/","name":"ESCANER UP400 \"Up3d\" - LA DENTAL","isPartOf":{"@id":"http:\/\/ladental.com.ar\/#website"},"primaryImageOfPage":{"@id":"https:\/\/ladental.com.ar\/producto\/escaner-up400\/#primaryimage"},"image":{"@id":"https:\/\/ladental.com.ar\/producto\/escaner-up400\/#primaryimage"},"thumbnailUrl":"https:\/\/ladental.com.ar\/wp-content\/uploads\/2022\/09\/up400.jpg","datePublished":"2022-11-28T17:20:30+00:00","dateModified":"2022-11-28T18:43:26+00:00","description":"En comparaci\u00f3n con el m\u00e9todo de escaneo tradicional, el UP400 ahorrar\u00e1 el 50 % de su tiempo de trabajo al escanear un cuadrante con solo dos pasos.","breadcrumb":{"@id":"https:\/\/ladental.com.ar\/producto\/escaner-up400\/#breadcrumb"},"inLanguage":"en-GB","potentialAction":[{"@type":"ReadAction","target":["https:\/\/ladental.com.ar\/producto\/escaner-up400\/"]}]},{"@type":"ImageObject","inLanguage":"en-GB","@id":"https:\/\/ladental.com.ar\/producto\/escaner-up400\/#primaryimage","url":"https:\/\/ladental.com.ar\/wp-content\/uploads\/2022\/09\/up400.jpg","contentUrl":"https:\/\/ladental.com.ar\/wp-content\/uploads\/2022\/09\/up400.jpg","width":600,"height":600,"caption":"la dental srl"},{"@type":"BreadcrumbList","@id":"https:\/\/ladental.com.ar\/producto\/escaner-up400\/#breadcrumb","itemListElement":[{"@type":"ListItem","position":1,"name":"Portada","item":"http:\/\/ladental.com.ar\/"},{"@type":"ListItem","position":2,"name":"Products","item":"https:\/\/ladental.com.ar\/en\/shop\/"},{"@type":"ListItem","position":3,"name":"ESCANER UP400 &#8220;Up3d&#8221;"}]},{"@type":"WebSite","@id":"http:\/\/ladental.com.ar\/#website","url":"http:\/\/ladental.com.ar\/","name":"LA DENTAL","description":"TECHNOLOGY IN DENTAL PRODUCTS","publisher":{"@id":"http:\/\/ladental.com.ar\/#organization"},"potentialAction":[{"@type":"SearchAction","target":{"@type":"EntryPoint","urlTemplate":"http:\/\/ladental.com.ar\/?s={search_term_string}"},"query-input":{"@type":"PropertyValueSpecification","valueRequired":true,"valueName":"search_term_string"}}],"inLanguage":"en-GB"},{"@type":"Organization","@id":"http:\/\/ladental.com.ar\/#organization","name":"LA DENTAL SRL","url":"http:\/\/ladental.com.ar\/","logo":{"@type":"ImageObject","inLanguage":"en-GB","@id":"http:\/\/ladental.com.ar\/#\/schema\/logo\/image\/","url":"https:\/\/ladental.com.ar\/wp-content\/uploads\/2021\/10\/logocolor.png","contentUrl":"https:\/\/ladental.com.ar\/wp-content\/uploads\/2021\/10\/logocolor.png","width":1276,"height":829,"caption":"LA DENTAL SRL"},"image":{"@id":"http:\/\/ladental.com.ar\/#\/schema\/logo\/image\/"}}]}},"_links":{"self":[{"href":"https:\/\/ladental.com.ar\/en\/wp-json\/wp\/v2\/product\/4532","targetHints":{"allow":["GET"]}}],"collection":[{"href":"https:\/\/ladental.com.ar\/en\/wp-json\/wp\/v2\/product"}],"about":[{"href":"https:\/\/ladental.com.ar\/en\/wp-json\/wp\/v2\/types\/product"}],"wp:featuredmedia":[{"embeddable":true,"href":"https:\/\/ladental.com.ar\/en\/wp-json\/wp\/v2\/media\/4526"}],"wp:attachment":[{"href":"https:\/\/ladental.com.ar\/en\/wp-json\/wp\/v2\/media?parent=4532"}],"wp:term":[{"taxonomy":"product_brand","embeddable":true,"href":"https:\/\/ladental.com.ar\/en\/wp-json\/wp\/v2\/product_brand?post=4532"},{"taxonomy":"product_cat","embeddable":true,"href":"https:\/\/ladental.com.ar\/en\/wp-json\/wp\/v2\/product_cat?post=4532"},{"taxonomy":"product_tag","embeddable":true,"href":"https:\/\/ladental.com.ar\/en\/wp-json\/wp\/v2\/product_tag?post=4532"}],"curies":[{"name":"wp","href":"https:\/\/api.w.org\/{rel}","templated":true}]}}