{"id":4542,"date":"2022-11-30T04:46:49","date_gmt":"2022-11-30T04:46:49","guid":{"rendered":"https:\/\/ladental.com.ar\/?post_type=product&#038;p=4542"},"modified":"2025-10-13T19:51:22","modified_gmt":"2025-10-13T16:51:22","slug":"fresadora-p53-up3d","status":"publish","type":"product","link":"https:\/\/ladental.com.ar\/en\/product\/fresadora-p53-up3d\/","title":{"rendered":"FRESADORA P53 &#8220;Up3d&#8221;"},"content":{"rendered":"","protected":false},"excerpt":{"rendered":"<p>Fresadora dental inteligente con 5 ejes. <strong>Sistema de Hardware y Software desarrollados por UP3d<\/strong>. Calibraci\u00f3n autom\u00e1tica. <strong>Estructura de una pieza<\/strong>. Con funci\u00f3n reanudar, lo que permite que frese autom\u00e1ticamente desde el \u00faltimo paso interrumpido, evitando trabajo repetido.<\/p>\n<p>&#x26a0;&#xfe0f;<strong> Importante: pod\u00e9s consultar el stock y el valor por medio del bot\u00f3n de WhatsApp.<\/strong><\/p>","protected":false},"featured_media":4547,"template":"","meta":[],"product_brand":[],"product_cat":[153,175],"product_tag":[197,195],"class_list":{"0":"post-4542","1":"product","2":"type-product","3":"status-publish","4":"has-post-thumbnail","6":"product_cat-ribbond","7":"product_cat-up3d","8":"product_tag-fresadora","9":"product_tag-p53","11":"first","12":"instock","13":"shipping-taxable","14":"purchasable","15":"product-type-simple"},"yoast_head":"<!-- This site is optimized with the Yoast SEO plugin v27.5 - https:\/\/yoast.com\/product\/yoast-seo-wordpress\/ -->\n<title>FRESADORA P53 &quot;Up3d&quot; - LA DENTAL<\/title>\n<meta name=\"description\" content=\"Calibraci\u00f3n autom\u00e1tica. Estructura de una pieza. Con funci\u00f3n reanudar, lo que permite que frese autom\u00e1ticamente desde el \u00faltimo paso interrumpido, evitando trabajo repetido.\" \/>\n<meta name=\"robots\" content=\"index, follow, max-snippet:-1, max-image-preview:large, max-video-preview:-1\" \/>\n<link rel=\"canonical\" href=\"http:\/\/ladental.com.ar\/en\/product\/fresadora-p53-up3d\/\" \/>\n<meta property=\"og:locale\" content=\"en_GB\" \/>\n<meta property=\"og:type\" content=\"article\" \/>\n<meta property=\"og:title\" content=\"FRESADORA P53 &quot;Up3d&quot; - LA DENTAL\" \/>\n<meta property=\"og:description\" content=\"Calibraci\u00f3n autom\u00e1tica. Estructura de una pieza. Con funci\u00f3n reanudar, lo que permite que frese autom\u00e1ticamente desde el \u00faltimo paso interrumpido, evitando trabajo repetido.\" \/>\n<meta property=\"og:url\" content=\"http:\/\/ladental.com.ar\/en\/product\/fresadora-p53-up3d\/\" \/>\n<meta property=\"og:site_name\" content=\"LA DENTAL\" \/>\n<meta property=\"article:modified_time\" content=\"2025-10-13T16:51:22+00:00\" \/>\n<meta property=\"og:image\" content=\"http:\/\/ladental.com.ar\/wp-content\/uploads\/2022\/11\/2.jpg\" \/>\n\t<meta property=\"og:image:width\" content=\"600\" \/>\n\t<meta property=\"og:image:height\" content=\"600\" \/>\n\t<meta property=\"og:image:type\" content=\"image\/jpeg\" \/>\n<meta name=\"twitter:card\" content=\"summary_large_image\" \/>\n<script type=\"application\/ld+json\" class=\"yoast-schema-graph\">{\"@context\":\"https:\\\/\\\/schema.org\",\"@graph\":[{\"@type\":\"WebPage\",\"@id\":\"http:\\\/\\\/ladental.com.ar\\\/producto\\\/fresadora-p53-up3d\\\/\",\"url\":\"http:\\\/\\\/ladental.com.ar\\\/producto\\\/fresadora-p53-up3d\\\/\",\"name\":\"FRESADORA P53 \\\"Up3d\\\" - LA DENTAL\",\"isPartOf\":{\"@id\":\"http:\\\/\\\/ladental.com.ar\\\/#website\"},\"primaryImageOfPage\":{\"@id\":\"http:\\\/\\\/ladental.com.ar\\\/producto\\\/fresadora-p53-up3d\\\/#primaryimage\"},\"image\":{\"@id\":\"http:\\\/\\\/ladental.com.ar\\\/producto\\\/fresadora-p53-up3d\\\/#primaryimage\"},\"thumbnailUrl\":\"https:\\\/\\\/ladental.com.ar\\\/wp-content\\\/uploads\\\/2022\\\/11\\\/2.jpg\",\"datePublished\":\"2022-11-30T04:46:49+00:00\",\"dateModified\":\"2025-10-13T16:51:22+00:00\",\"description\":\"Calibraci\u00f3n autom\u00e1tica. Estructura de una pieza. Con funci\u00f3n reanudar, lo que permite que frese autom\u00e1ticamente desde el \u00faltimo paso interrumpido, evitando trabajo repetido.\",\"breadcrumb\":{\"@id\":\"http:\\\/\\\/ladental.com.ar\\\/producto\\\/fresadora-p53-up3d\\\/#breadcrumb\"},\"inLanguage\":\"en-GB\",\"potentialAction\":[{\"@type\":\"ReadAction\",\"target\":[\"http:\\\/\\\/ladental.com.ar\\\/producto\\\/fresadora-p53-up3d\\\/\"]}]},{\"@type\":\"ImageObject\",\"inLanguage\":\"en-GB\",\"@id\":\"http:\\\/\\\/ladental.com.ar\\\/producto\\\/fresadora-p53-up3d\\\/#primaryimage\",\"url\":\"https:\\\/\\\/ladental.com.ar\\\/wp-content\\\/uploads\\\/2022\\\/11\\\/2.jpg\",\"contentUrl\":\"https:\\\/\\\/ladental.com.ar\\\/wp-content\\\/uploads\\\/2022\\\/11\\\/2.jpg\",\"width\":600,\"height\":600,\"caption\":\"la dental srl\"},{\"@type\":\"BreadcrumbList\",\"@id\":\"http:\\\/\\\/ladental.com.ar\\\/producto\\\/fresadora-p53-up3d\\\/#breadcrumb\",\"itemListElement\":[{\"@type\":\"ListItem\",\"position\":1,\"name\":\"Portada\",\"item\":\"http:\\\/\\\/ladental.com.ar\\\/\"},{\"@type\":\"ListItem\",\"position\":2,\"name\":\"Products\",\"item\":\"https:\\\/\\\/ladental.com.ar\\\/en\\\/shop\\\/\"},{\"@type\":\"ListItem\",\"position\":3,\"name\":\"FRESADORA P53 &#8220;Up3d&#8221;\"}]},{\"@type\":\"WebSite\",\"@id\":\"http:\\\/\\\/ladental.com.ar\\\/#website\",\"url\":\"http:\\\/\\\/ladental.com.ar\\\/\",\"name\":\"LA DENTAL\",\"description\":\"TECNOLOG\u00cdA EN INSUMOS ODONTOL\u00d3GICOS\",\"publisher\":{\"@id\":\"http:\\\/\\\/ladental.com.ar\\\/#organization\"},\"potentialAction\":[{\"@type\":\"SearchAction\",\"target\":{\"@type\":\"EntryPoint\",\"urlTemplate\":\"http:\\\/\\\/ladental.com.ar\\\/?s={search_term_string}\"},\"query-input\":{\"@type\":\"PropertyValueSpecification\",\"valueRequired\":true,\"valueName\":\"search_term_string\"}}],\"inLanguage\":\"en-GB\"},{\"@type\":\"Organization\",\"@id\":\"http:\\\/\\\/ladental.com.ar\\\/#organization\",\"name\":\"LA DENTAL SRL\",\"url\":\"http:\\\/\\\/ladental.com.ar\\\/\",\"logo\":{\"@type\":\"ImageObject\",\"inLanguage\":\"en-GB\",\"@id\":\"http:\\\/\\\/ladental.com.ar\\\/#\\\/schema\\\/logo\\\/image\\\/\",\"url\":\"https:\\\/\\\/ladental.com.ar\\\/wp-content\\\/uploads\\\/2021\\\/10\\\/logocolor.png\",\"contentUrl\":\"https:\\\/\\\/ladental.com.ar\\\/wp-content\\\/uploads\\\/2021\\\/10\\\/logocolor.png\",\"width\":1276,\"height\":829,\"caption\":\"LA DENTAL SRL\"},\"image\":{\"@id\":\"http:\\\/\\\/ladental.com.ar\\\/#\\\/schema\\\/logo\\\/image\\\/\"}}]}<\/script>\n<!-- \/ Yoast SEO plugin. -->","yoast_head_json":{"title":"FRESADORA P53 \"Up3d\" - LA DENTAL","description":"Calibraci\u00f3n autom\u00e1tica. Estructura de una pieza. Con funci\u00f3n reanudar, lo que permite que frese autom\u00e1ticamente desde el \u00faltimo paso interrumpido, evitando trabajo repetido.","robots":{"index":"index","follow":"follow","max-snippet":"max-snippet:-1","max-image-preview":"max-image-preview:large","max-video-preview":"max-video-preview:-1"},"canonical":"http:\/\/ladental.com.ar\/en\/product\/fresadora-p53-up3d\/","og_locale":"en_GB","og_type":"article","og_title":"FRESADORA P53 \"Up3d\" - LA DENTAL","og_description":"Calibraci\u00f3n autom\u00e1tica. Estructura de una pieza. Con funci\u00f3n reanudar, lo que permite que frese autom\u00e1ticamente desde el \u00faltimo paso interrumpido, evitando trabajo repetido.","og_url":"http:\/\/ladental.com.ar\/en\/product\/fresadora-p53-up3d\/","og_site_name":"LA DENTAL","article_modified_time":"2025-10-13T16:51:22+00:00","og_image":[{"width":600,"height":600,"url":"http:\/\/ladental.com.ar\/wp-content\/uploads\/2022\/11\/2.jpg","type":"image\/jpeg"}],"twitter_card":"summary_large_image","schema":{"@context":"https:\/\/schema.org","@graph":[{"@type":"WebPage","@id":"http:\/\/ladental.com.ar\/producto\/fresadora-p53-up3d\/","url":"http:\/\/ladental.com.ar\/producto\/fresadora-p53-up3d\/","name":"FRESADORA P53 \"Up3d\" - LA DENTAL","isPartOf":{"@id":"http:\/\/ladental.com.ar\/#website"},"primaryImageOfPage":{"@id":"http:\/\/ladental.com.ar\/producto\/fresadora-p53-up3d\/#primaryimage"},"image":{"@id":"http:\/\/ladental.com.ar\/producto\/fresadora-p53-up3d\/#primaryimage"},"thumbnailUrl":"https:\/\/ladental.com.ar\/wp-content\/uploads\/2022\/11\/2.jpg","datePublished":"2022-11-30T04:46:49+00:00","dateModified":"2025-10-13T16:51:22+00:00","description":"Calibraci\u00f3n autom\u00e1tica. Estructura de una pieza. Con funci\u00f3n reanudar, lo que permite que frese autom\u00e1ticamente desde el \u00faltimo paso interrumpido, evitando trabajo repetido.","breadcrumb":{"@id":"http:\/\/ladental.com.ar\/producto\/fresadora-p53-up3d\/#breadcrumb"},"inLanguage":"en-GB","potentialAction":[{"@type":"ReadAction","target":["http:\/\/ladental.com.ar\/producto\/fresadora-p53-up3d\/"]}]},{"@type":"ImageObject","inLanguage":"en-GB","@id":"http:\/\/ladental.com.ar\/producto\/fresadora-p53-up3d\/#primaryimage","url":"https:\/\/ladental.com.ar\/wp-content\/uploads\/2022\/11\/2.jpg","contentUrl":"https:\/\/ladental.com.ar\/wp-content\/uploads\/2022\/11\/2.jpg","width":600,"height":600,"caption":"la dental srl"},{"@type":"BreadcrumbList","@id":"http:\/\/ladental.com.ar\/producto\/fresadora-p53-up3d\/#breadcrumb","itemListElement":[{"@type":"ListItem","position":1,"name":"Portada","item":"http:\/\/ladental.com.ar\/"},{"@type":"ListItem","position":2,"name":"Products","item":"https:\/\/ladental.com.ar\/en\/shop\/"},{"@type":"ListItem","position":3,"name":"FRESADORA P53 &#8220;Up3d&#8221;"}]},{"@type":"WebSite","@id":"http:\/\/ladental.com.ar\/#website","url":"http:\/\/ladental.com.ar\/","name":"LA DENTAL","description":"TECHNOLOGY IN DENTAL PRODUCTS","publisher":{"@id":"http:\/\/ladental.com.ar\/#organization"},"potentialAction":[{"@type":"SearchAction","target":{"@type":"EntryPoint","urlTemplate":"http:\/\/ladental.com.ar\/?s={search_term_string}"},"query-input":{"@type":"PropertyValueSpecification","valueRequired":true,"valueName":"search_term_string"}}],"inLanguage":"en-GB"},{"@type":"Organization","@id":"http:\/\/ladental.com.ar\/#organization","name":"LA DENTAL SRL","url":"http:\/\/ladental.com.ar\/","logo":{"@type":"ImageObject","inLanguage":"en-GB","@id":"http:\/\/ladental.com.ar\/#\/schema\/logo\/image\/","url":"https:\/\/ladental.com.ar\/wp-content\/uploads\/2021\/10\/logocolor.png","contentUrl":"https:\/\/ladental.com.ar\/wp-content\/uploads\/2021\/10\/logocolor.png","width":1276,"height":829,"caption":"LA DENTAL SRL"},"image":{"@id":"http:\/\/ladental.com.ar\/#\/schema\/logo\/image\/"}}]}},"_links":{"self":[{"href":"https:\/\/ladental.com.ar\/en\/wp-json\/wp\/v2\/product\/4542","targetHints":{"allow":["GET"]}}],"collection":[{"href":"https:\/\/ladental.com.ar\/en\/wp-json\/wp\/v2\/product"}],"about":[{"href":"https:\/\/ladental.com.ar\/en\/wp-json\/wp\/v2\/types\/product"}],"wp:featuredmedia":[{"embeddable":true,"href":"https:\/\/ladental.com.ar\/en\/wp-json\/wp\/v2\/media\/4547"}],"wp:attachment":[{"href":"https:\/\/ladental.com.ar\/en\/wp-json\/wp\/v2\/media?parent=4542"}],"wp:term":[{"taxonomy":"product_brand","embeddable":true,"href":"https:\/\/ladental.com.ar\/en\/wp-json\/wp\/v2\/product_brand?post=4542"},{"taxonomy":"product_cat","embeddable":true,"href":"https:\/\/ladental.com.ar\/en\/wp-json\/wp\/v2\/product_cat?post=4542"},{"taxonomy":"product_tag","embeddable":true,"href":"https:\/\/ladental.com.ar\/en\/wp-json\/wp\/v2\/product_tag?post=4542"}],"curies":[{"name":"wp","href":"https:\/\/api.w.org\/{rel}","templated":true}]}}